{"id":6,"date":"2026-02-08T18:30:35","date_gmt":"2026-02-08T18:30:35","guid":{"rendered":"https:\/\/pracowniawillow.pl\/?page_id=6"},"modified":"2026-02-08T18:53:34","modified_gmt":"2026-02-08T18:53:34","slug":"strona-glowna","status":"publish","type":"page","link":"https:\/\/pracowniawillow.pl\/","title":{"rendered":"Strona g\u0142\u00f3wna"},"content":{"rendered":"\n<h2 class=\"wp-block-heading\">Meble i zabudowy na wymiar <\/h2>\n\n\n\n<p>Tworzymy meble na wymiar, projektowane i wykonywane pod indywidualne zam\u00f3wienie klienta.<br>\u0141\u0105czymy rzemie\u015blnicz\u0105 dok\u0142adno\u015b\u0107 z nowoczesnymi rozwi\u0105zaniami, dbaj\u0105c o estetyk\u0119, trwa\u0142o\u015b\u0107<br>i funkcjonalno\u015b\u0107 ka\u017cdego projektu.<\/p>\n\n\n\n<p class=\"has-white-background-color has-background\">Pracujemy zar\u00f3wno z litym drewnem, jak i materia\u0142ami nowoczesnymi \u2013 zawsze dopasowuj\u0105c je<br>do potrzeb i bud\u017cetu klienta.<\/p>\n\n\n\n<h2 class=\"wp-block-heading\">Co wykonujemy<\/h2>\n\n\n\n<ul class=\"wp-block-list\">\n<li>meble z litego drewna<\/li>\n\n\n\n<li>meble fornirowane<\/li>\n\n\n\n<li>meble lakierowane<\/li>\n\n\n\n<li>meble z p\u0142yt laminowanych<\/li>\n\n\n\n<li>zabudowy kuchenne<\/li>\n\n\n\n<li>meble do salonu, sypialni, \u0142azienki i biura<\/li>\n\n\n\n<li>zabudowy na wymiar<\/li>\n<\/ul>\n\n\n\n<h2 class=\"wp-block-heading\">Dlaczego Pracownia Willow<\/h2>\n\n\n\n<ul class=\"wp-block-list\">\n<li>indywidualne podej\u015bcie do ka\u017cdego projektu<\/li>\n\n\n\n<li>solidne materia\u0142y i staranne wykonanie<\/li>\n\n\n\n<li>do\u015bwiadczenie w pracy z drewnem<\/li>\n\n\n\n<li>uczciwe doradztwo i jasne zasady wsp\u00f3\u0142pracy<\/li>\n<\/ul>\n","protected":false},"excerpt":{"rendered":"<p>Meble i zabudowy na wymiar Tworzymy meble na wymiar, projektowane i wykonywane pod indywidualne zam\u00f3wienie klienta.\u0141\u0105czymy rzemie\u015blnicz\u0105 dok\u0142adno\u015b\u0107 z nowoczesnymi [&hellip;]<\/p>\n","protected":false},"author":1,"featured_media":0,"parent":0,"menu_order":0,"comment_status":"closed","ping_status":"closed","template":"","meta":{"site-sidebar-layout":"default","site-content-layout":"","ast-site-content-layout":"default","site-content-style":"default","site-sidebar-style":"default","ast-global-header-display":"","ast-banner-title-visibility":"","ast-main-header-display":"","ast-hfb-above-header-display":"","ast-hfb-below-header-display":"","ast-hfb-mobile-header-display":"","site-post-title":"disabled","ast-breadcrumbs-content":"","ast-featured-img":"","footer-sml-layout":"","ast-disable-related-posts":"","theme-transparent-header-meta":"","adv-header-id-meta":"","stick-header-meta":"","header-above-stick-meta":"","header-main-stick-meta":"","header-below-stick-meta":"","astra-migrate-meta-layouts":"default","ast-page-background-enabled":"default","ast-page-background-meta":{"desktop":{"background-color":"var(--ast-global-color-5)","background-image":"","background-repeat":"repeat","background-position":"center center","background-size":"auto","background-attachment":"scroll","background-type":"","background-media":"","overlay-type":"","overlay-color":"","overlay-opacity":"","overlay-gradient":""},"tablet":{"background-color":"","background-image":"","background-repeat":"repeat","background-position":"center center","background-size":"auto","background-attachment":"scroll","background-type":"","background-media":"","overlay-type":"","overlay-color":"","overlay-opacity":"","overlay-gradient":""},"mobile":{"background-color":"","background-image":"","background-repeat":"repeat","background-position":"center center","background-size":"auto","background-attachment":"scroll","background-type":"","background-media":"","overlay-type":"","overlay-color":"","overlay-opacity":"","overlay-gradient":""}},"ast-content-background-meta":{"desktop":{"background-color":"var(--ast-global-color-4)","background-image":"","background-repeat":"repeat","background-position":"center center","background-size":"auto","background-attachment":"scroll","background-type":"","background-media":"","overlay-type":"","overlay-color":"","overlay-opacity":"","overlay-gradient":""},"tablet":{"background-color":"var(--ast-global-color-4)","background-image":"","background-repeat":"repeat","background-position":"center center","background-size":"auto","background-attachment":"scroll","background-type":"","background-media":"","overlay-type":"","overlay-color":"","overlay-opacity":"","overlay-gradient":""},"mobile":{"background-color":"var(--ast-global-color-4)","background-image":"","background-repeat":"repeat","background-position":"center center","background-size":"auto","background-attachment":"scroll","background-type":"","background-media":"","overlay-type":"","overlay-color":"","overlay-opacity":"","overlay-gradient":""}},"footnotes":""},"class_list":["post-6","page","type-page","status-publish","hentry"],"_links":{"self":[{"href":"https:\/\/pracowniawillow.pl\/index.php?rest_route=\/wp\/v2\/pages\/6","targetHints":{"allow":["GET"]}}],"collection":[{"href":"https:\/\/pracowniawillow.pl\/index.php?rest_route=\/wp\/v2\/pages"}],"about":[{"href":"https:\/\/pracowniawillow.pl\/index.php?rest_route=\/wp\/v2\/types\/page"}],"author":[{"embeddable":true,"href":"https:\/\/pracowniawillow.pl\/index.php?rest_route=\/wp\/v2\/users\/1"}],"replies":[{"embeddable":true,"href":"https:\/\/pracowniawillow.pl\/index.php?rest_route=%2Fwp%2Fv2%2Fcomments&post=6"}],"version-history":[{"count":3,"href":"https:\/\/pracowniawillow.pl\/index.php?rest_route=\/wp\/v2\/pages\/6\/revisions"}],"predecessor-version":[{"id":15,"href":"https:\/\/pracowniawillow.pl\/index.php?rest_route=\/wp\/v2\/pages\/6\/revisions\/15"}],"wp:attachment":[{"href":"https:\/\/pracowniawillow.pl\/index.php?rest_route=%2Fwp%2Fv2%2Fmedia&parent=6"}],"curies":[{"name":"wp","href":"https:\/\/api.w.org\/{rel}","templated":true}]}}